{"id":100,"date":"2024-02-14T01:22:57","date_gmt":"2024-02-14T01:22:57","guid":{"rendered":"https:\/\/laspregoneras.org\/staging\/1933\/?page_id=100"},"modified":"2024-02-16T08:29:08","modified_gmt":"2024-02-16T08:29:08","slug":"dona","status":"publish","type":"page","link":"https:\/\/laspregoneras.org\/staging\/1933\/dona\/","title":{"rendered":"donate"},"content":{"rendered":"<p>[et_pb_section fb_built=&#8221;1&#8243; admin_label=&#8221;Features&#8221; _builder_version=&#8221;4.24.0&#8243; custom_margin=&#8221;-22px|||||&#8221; hover_enabled=&#8221;0&#8243; global_module=&#8221;164&#8243; saved_tabs=&#8221;all&#8221; locked=&#8221;off&#8221; collapsed=&#8221;off&#8221; global_colors_info=&#8221;{}&#8221; sticky_enabled=&#8221;0&#8243;][et_pb_row column_structure=&#8221;1_2,1_2&#8243; module_class=&#8221;donate-content&#8221; _builder_version=&#8221;4.24.0&#8243; hover_enabled=&#8221;0&#8243; custom_css_free_form=&#8221;.donate-content{||  display: flex;||  justify-content: center;||  align-items: center;||||}||  @media only screen and (max-width: 767px) {||    .donate-content{||      flex-direction: column-reverse;||    }||  }&#8221; global_colors_info=&#8221;{}&#8221; sticky_enabled=&#8221;0&#8243;][et_pb_column type=&#8221;1_2&#8243; _builder_version=&#8221;4.16&#8243; custom_padding=&#8221;|||&#8221; global_colors_info=&#8221;{}&#8221; custom_padding__hover=&#8221;|||&#8221;][et_pb_image src=&#8221;https:\/\/laspregoneras.org\/staging\/1933\/wp-content\/uploads\/2023\/09\/charity-20.png&#8221; align_tablet=&#8221;center&#8221; align_phone=&#8221;center&#8221; align_last_edited=&#8221;on|desktop&#8221; _builder_version=&#8221;4.16&#8243; animation_style=&#8221;fade&#8221; locked=&#8221;off&#8221; global_colors_info=&#8221;{}&#8221;][\/et_pb_image][\/et_pb_column][et_pb_column type=&#8221;1_2&#8243; _builder_version=&#8221;4.16&#8243; custom_padding=&#8221;|||&#8221; global_colors_info=&#8221;{}&#8221; custom_padding__hover=&#8221;|||&#8221;][et_pb_text _builder_version=&#8221;4.24.0&#8243; text_font=&#8221;Open Sans||||||||&#8221; text_text_color=&#8221;gcid-c1365118-1114-4317-8f48-2be274f6cc13&#8243; text_font_size=&#8221;16px&#8221; header_font=&#8221;||||||||&#8221; header_2_font=&#8221;Open Sans|700|||||||&#8221; header_2_text_color=&#8221;gcid-a9646af1-8621-43d3-88da-6e6af7ebd7db&#8221; header_2_font_size=&#8221;42px&#8221; header_2_line_height=&#8221;1.4em&#8221; header_6_font=&#8221;Open Sans|700||on|||||&#8221; header_6_text_color=&#8221;gcid-c1365118-1114-4317-8f48-2be274f6cc13&#8243; header_6_font_size=&#8221;20px&#8221; header_6_line_height=&#8221;1.7em&#8221; background_color=&#8221;#ffffff&#8221; max_width=&#8221;600px&#8221; module_alignment=&#8221;center&#8221; custom_margin=&#8221;|||&#8221; custom_padding=&#8221;30px|30px|30px|30px|true|true&#8221; animation_style=&#8221;slide&#8221; animation_direction=&#8221;bottom&#8221; animation_intensity_slide=&#8221;2%&#8221; header_2_font_size_tablet=&#8221;32px&#8221; header_2_font_size_phone=&#8221;22px&#8221; header_2_font_size_last_edited=&#8221;on|desktop&#8221; border_radii=&#8221;on|3px|3px|3px|3px&#8221; border_width_all=&#8221;20px&#8221; border_color_all=&#8221;gcid-484f1e51-47f0-4665-b043-34fa76a880f9&#8243; box_shadow_style=&#8221;preset3&#8243; box_shadow_vertical=&#8221;40px&#8221; box_shadow_blur=&#8221;100px&#8221; box_shadow_spread=&#8221;-30px&#8221; box_shadow_color=&#8221;rgba(0,0,0,0.22)&#8221; locked=&#8221;off&#8221; global_colors_info=&#8221;{%22gcid-a9646af1-8621-43d3-88da-6e6af7ebd7db%22:%91%22header_2_text_color%22%93,%22gcid-484f1e51-47f0-4665-b043-34fa76a880f9%22:%91%22border_color_all%22%93,%22gcid-c1365118-1114-4317-8f48-2be274f6cc13%22:%91%22text_text_color%22,%22header_6_text_color%22%93}&#8221;]<\/p>\n<h2>DONACIONES<\/h2>\n<p><span style=\"font-weight: 400;\">Las Pregoneras somos un movimiento de mujeres apasionadas por generar cambios positivos en la sociedad, estamos comprometidas con el fortalecimiento de capacidades de las mujeres y la construcci\u00f3n de comunidades m\u00e1s fuertes y justas.\u00a0<\/span><\/p>\n<p>&nbsp;<\/p>\n<p><span style=\"font-weight: 400;\">\u00a1Tu donaci\u00f3n es una oportunidad para impulsar el crecimiento y la autonom\u00eda de las mujeres! Con Las Pregoneras, est\u00e1s contribuyendo a un impacto real en la sociedad. Nuestros programas de prevenci\u00f3n de la violencia a trav\u00e9s del arte, promoci\u00f3n de la salud mental con nuestros programas de arte terapia y apoyo a emprendimientos de mujeres, generamos cambios transformadores en vidas y comunidades.\u00a0<\/span><\/p>\n<p>&nbsp;<\/p>\n<p><span style=\"font-weight: 400;\">Tu apoyo marca la diferencia. \u00a1\u00danete a nosotras y dona hoy para ser parte de este impacto positivo en la sociedad! <\/span><\/p>\n<p>&nbsp;<\/p>\n<h6><strong>MONEDA: SOLES<\/strong><br \/><strong>CUENTA: 630-3005021377<\/strong><br \/><strong>CCI: 003-630-003005021377-13<\/strong><\/h6>\n<p>[\/et_pb_text][\/et_pb_column][\/et_pb_row][\/et_pb_section]<\/p>\n","protected":false},"excerpt":{"rendered":"<p>DONACIONES Las Pregoneras somos un movimiento de mujeres apasionadas por generar cambios positivos en la sociedad, estamos comprometidas con el fortalecimiento de capacidades de las mujeres y la construcci\u00f3n de comunidades m\u00e1s fuertes y justas.\u00a0 &nbsp; \u00a1Tu donaci\u00f3n es una oportunidad para impulsar el crecimiento y la autonom\u00eda de las mujeres! Con Las Pregoneras, est\u00e1s [&hellip;]<\/p>\n","protected":false},"author":1,"featured_media":0,"parent":0,"menu_order":0,"comment_status":"closed","ping_status":"closed","template":"","meta":{"nf_dc_page":"","_et_pb_use_builder":"on","_et_pb_old_content":"","_et_gb_content_width":"","om_disable_all_campaigns":false,"inline_featured_image":false,"_monsterinsights_skip_tracking":false,"_monsterinsights_sitenote_active":false,"_monsterinsights_sitenote_note":"","_monsterinsights_sitenote_category":0,"footnotes":""},"class_list":["post-100","page","type-page","status-publish","hentry"],"yoast_head":"<!-- This site is optimized with the Yoast SEO plugin v27.2 - https:\/\/yoast.com\/product\/yoast-seo-wordpress\/ -->\n<title>donate - Las pregoneras: Empoderando a Mujeres: Juntas, Hacemos Posible lo Imposible<\/title>\n<meta name=\"robots\" content=\"index, follow, max-snippet:-1, max-image-preview:large, max-video-preview:-1\" \/>\n<link rel=\"canonical\" href=\"https:\/\/laspregoneras.org\/staging\/1933\/dona\/\" \/>\n<meta property=\"og:locale\" content=\"en_US\" \/>\n<meta property=\"og:type\" content=\"article\" \/>\n<meta property=\"og:title\" content=\"donate - Las pregoneras: Empoderando a Mujeres: Juntas, Hacemos Posible lo Imposible\" \/>\n<meta property=\"og:description\" content=\"DONACIONES Las Pregoneras somos un movimiento de mujeres apasionadas por generar cambios positivos en la sociedad, estamos comprometidas con el fortalecimiento de capacidades de las mujeres y la construcci\u00f3n de comunidades m\u00e1s fuertes y justas.\u00a0 &nbsp; \u00a1Tu donaci\u00f3n es una oportunidad para impulsar el crecimiento y la autonom\u00eda de las mujeres! Con Las Pregoneras, est\u00e1s [&hellip;]\" \/>\n<meta property=\"og:url\" content=\"https:\/\/laspregoneras.org\/staging\/1933\/dona\/\" \/>\n<meta property=\"og:site_name\" content=\"Las pregoneras: Empoderando a Mujeres: Juntas, Hacemos Posible lo Imposible\" \/>\n<meta property=\"article:publisher\" content=\"https:\/\/www.facebook.com\/profile.php?id=61555705346354\" \/>\n<meta property=\"article:modified_time\" content=\"2024-02-16T08:29:08+00:00\" \/>\n<meta name=\"twitter:card\" content=\"summary_large_image\" \/>\n<script type=\"application\/ld+json\" class=\"yoast-schema-graph\">{\"@context\":\"https:\/\/schema.org\",\"@graph\":[{\"@type\":\"WebPage\",\"@id\":\"https:\/\/laspregoneras.org\/staging\/1933\/dona\/\",\"url\":\"https:\/\/laspregoneras.org\/staging\/1933\/dona\/\",\"name\":\"donate - Las pregoneras: Empoderando a Mujeres: Juntas, Hacemos Posible lo Imposible\",\"isPartOf\":{\"@id\":\"https:\/\/laspregoneras.org\/staging\/1933\/#website\"},\"datePublished\":\"2024-02-14T01:22:57+00:00\",\"dateModified\":\"2024-02-16T08:29:08+00:00\",\"breadcrumb\":{\"@id\":\"https:\/\/laspregoneras.org\/staging\/1933\/dona\/#breadcrumb\"},\"inLanguage\":\"en-US\",\"potentialAction\":[{\"@type\":\"ReadAction\",\"target\":[\"https:\/\/laspregoneras.org\/staging\/1933\/dona\/\"]}]},{\"@type\":\"BreadcrumbList\",\"@id\":\"https:\/\/laspregoneras.org\/staging\/1933\/dona\/#breadcrumb\",\"itemListElement\":[{\"@type\":\"ListItem\",\"position\":1,\"name\":\"Home\",\"item\":\"https:\/\/laspregoneras.org\/staging\/1933\/\"},{\"@type\":\"ListItem\",\"position\":2,\"name\":\"donate\"}]},{\"@type\":\"WebSite\",\"@id\":\"https:\/\/laspregoneras.org\/staging\/1933\/#website\",\"url\":\"https:\/\/laspregoneras.org\/staging\/1933\/\",\"name\":\"Las pregoneras: Empoderando a Mujeres: Juntas, Hacemos Posible lo Imposible\",\"description\":\"En Las Pregoneras, nuestro compromiso es fortalecer a las mujeres, luchar contra la violencia de g\u00e9nero y crear comunidades m\u00e1s justas. \u00danete a nuestro movimiento de empoderamiento y solidaridad.\",\"publisher\":{\"@id\":\"https:\/\/laspregoneras.org\/staging\/1933\/#organization\"},\"potentialAction\":[{\"@type\":\"SearchAction\",\"target\":{\"@type\":\"EntryPoint\",\"urlTemplate\":\"https:\/\/laspregoneras.org\/staging\/1933\/?s={search_term_string}\"},\"query-input\":{\"@type\":\"PropertyValueSpecification\",\"valueRequired\":true,\"valueName\":\"search_term_string\"}}],\"inLanguage\":\"en-US\"},{\"@type\":\"Organization\",\"@id\":\"https:\/\/laspregoneras.org\/staging\/1933\/#organization\",\"name\":\"Las pregoneras: Empoderando a Mujeres: Juntas, Hacemos Posible lo Imposible\",\"url\":\"https:\/\/laspregoneras.org\/staging\/1933\/\",\"logo\":{\"@type\":\"ImageObject\",\"inLanguage\":\"en-US\",\"@id\":\"https:\/\/laspregoneras.org\/staging\/1933\/#\/schema\/logo\/image\/\",\"url\":\"https:\/\/laspregoneras.org\/staging\/1933\/wp-content\/uploads\/2024\/01\/logo1.png\",\"contentUrl\":\"https:\/\/laspregoneras.org\/staging\/1933\/wp-content\/uploads\/2024\/01\/logo1.png\",\"width\":2000,\"height\":2000,\"caption\":\"Las pregoneras: Empoderando a Mujeres: Juntas, Hacemos Posible lo Imposible\"},\"image\":{\"@id\":\"https:\/\/laspregoneras.org\/staging\/1933\/#\/schema\/logo\/image\/\"},\"sameAs\":[\"https:\/\/www.facebook.com\/profile.php?id=61555705346354\",\"https:\/\/www.instagram.com\/asociacionlaspregoneras\/\"]}]}<\/script>\n<!-- \/ Yoast SEO plugin. -->","yoast_head_json":{"title":"donate - Las pregoneras: Empoderando a Mujeres: Juntas, Hacemos Posible lo Imposible","robots":{"index":"index","follow":"follow","max-snippet":"max-snippet:-1","max-image-preview":"max-image-preview:large","max-video-preview":"max-video-preview:-1"},"canonical":"https:\/\/laspregoneras.org\/staging\/1933\/dona\/","og_locale":"en_US","og_type":"article","og_title":"donate - Las pregoneras: Empoderando a Mujeres: Juntas, Hacemos Posible lo Imposible","og_description":"DONACIONES Las Pregoneras somos un movimiento de mujeres apasionadas por generar cambios positivos en la sociedad, estamos comprometidas con el fortalecimiento de capacidades de las mujeres y la construcci\u00f3n de comunidades m\u00e1s fuertes y justas.\u00a0 &nbsp; \u00a1Tu donaci\u00f3n es una oportunidad para impulsar el crecimiento y la autonom\u00eda de las mujeres! Con Las Pregoneras, est\u00e1s [&hellip;]","og_url":"https:\/\/laspregoneras.org\/staging\/1933\/dona\/","og_site_name":"Las pregoneras: Empoderando a Mujeres: Juntas, Hacemos Posible lo Imposible","article_publisher":"https:\/\/www.facebook.com\/profile.php?id=61555705346354","article_modified_time":"2024-02-16T08:29:08+00:00","twitter_card":"summary_large_image","schema":{"@context":"https:\/\/schema.org","@graph":[{"@type":"WebPage","@id":"https:\/\/laspregoneras.org\/staging\/1933\/dona\/","url":"https:\/\/laspregoneras.org\/staging\/1933\/dona\/","name":"donate - Las pregoneras: Empoderando a Mujeres: Juntas, Hacemos Posible lo Imposible","isPartOf":{"@id":"https:\/\/laspregoneras.org\/staging\/1933\/#website"},"datePublished":"2024-02-14T01:22:57+00:00","dateModified":"2024-02-16T08:29:08+00:00","breadcrumb":{"@id":"https:\/\/laspregoneras.org\/staging\/1933\/dona\/#breadcrumb"},"inLanguage":"en-US","potentialAction":[{"@type":"ReadAction","target":["https:\/\/laspregoneras.org\/staging\/1933\/dona\/"]}]},{"@type":"BreadcrumbList","@id":"https:\/\/laspregoneras.org\/staging\/1933\/dona\/#breadcrumb","itemListElement":[{"@type":"ListItem","position":1,"name":"Home","item":"https:\/\/laspregoneras.org\/staging\/1933\/"},{"@type":"ListItem","position":2,"name":"donate"}]},{"@type":"WebSite","@id":"https:\/\/laspregoneras.org\/staging\/1933\/#website","url":"https:\/\/laspregoneras.org\/staging\/1933\/","name":"Las pregoneras: Empoderando a Mujeres: Juntas, Hacemos Posible lo Imposible","description":"En Las Pregoneras, nuestro compromiso es fortalecer a las mujeres, luchar contra la violencia de g\u00e9nero y crear comunidades m\u00e1s justas. \u00danete a nuestro movimiento de empoderamiento y solidaridad.","publisher":{"@id":"https:\/\/laspregoneras.org\/staging\/1933\/#organization"},"potentialAction":[{"@type":"SearchAction","target":{"@type":"EntryPoint","urlTemplate":"https:\/\/laspregoneras.org\/staging\/1933\/?s={search_term_string}"},"query-input":{"@type":"PropertyValueSpecification","valueRequired":true,"valueName":"search_term_string"}}],"inLanguage":"en-US"},{"@type":"Organization","@id":"https:\/\/laspregoneras.org\/staging\/1933\/#organization","name":"Las pregoneras: Empoderando a Mujeres: Juntas, Hacemos Posible lo Imposible","url":"https:\/\/laspregoneras.org\/staging\/1933\/","logo":{"@type":"ImageObject","inLanguage":"en-US","@id":"https:\/\/laspregoneras.org\/staging\/1933\/#\/schema\/logo\/image\/","url":"https:\/\/laspregoneras.org\/staging\/1933\/wp-content\/uploads\/2024\/01\/logo1.png","contentUrl":"https:\/\/laspregoneras.org\/staging\/1933\/wp-content\/uploads\/2024\/01\/logo1.png","width":2000,"height":2000,"caption":"Las pregoneras: Empoderando a Mujeres: Juntas, Hacemos Posible lo Imposible"},"image":{"@id":"https:\/\/laspregoneras.org\/staging\/1933\/#\/schema\/logo\/image\/"},"sameAs":["https:\/\/www.facebook.com\/profile.php?id=61555705346354","https:\/\/www.instagram.com\/asociacionlaspregoneras\/"]}]}},"jetpack_sharing_enabled":true,"_links":{"self":[{"href":"https:\/\/laspregoneras.org\/staging\/1933\/wp-json\/wp\/v2\/pages\/100","targetHints":{"allow":["GET"]}}],"collection":[{"href":"https:\/\/laspregoneras.org\/staging\/1933\/wp-json\/wp\/v2\/pages"}],"about":[{"href":"https:\/\/laspregoneras.org\/staging\/1933\/wp-json\/wp\/v2\/types\/page"}],"author":[{"embeddable":true,"href":"https:\/\/laspregoneras.org\/staging\/1933\/wp-json\/wp\/v2\/users\/1"}],"replies":[{"embeddable":true,"href":"https:\/\/laspregoneras.org\/staging\/1933\/wp-json\/wp\/v2\/comments?post=100"}],"version-history":[{"count":5,"href":"https:\/\/laspregoneras.org\/staging\/1933\/wp-json\/wp\/v2\/pages\/100\/revisions"}],"predecessor-version":[{"id":252,"href":"https:\/\/laspregoneras.org\/staging\/1933\/wp-json\/wp\/v2\/pages\/100\/revisions\/252"}],"wp:attachment":[{"href":"https:\/\/laspregoneras.org\/staging\/1933\/wp-json\/wp\/v2\/media?parent=100"}],"curies":[{"name":"wp","href":"https:\/\/api.w.org\/{rel}","templated":true}]}}